{"id":2106,"date":"2025-05-14T08:00:30","date_gmt":"2025-05-14T07:00:30","guid":{"rendered":"https:\/\/abacell.org\/actualidad\/?page_id=2106"},"modified":"2025-05-14T08:00:30","modified_gmt":"2025-05-14T07:00:30","slug":"contacto","status":"publish","type":"page","link":"http:\/\/abacell.org\/actualidad\/contacto\/","title":{"rendered":"Contacto"},"content":{"rendered":"\n<div class=\"wpcf7 no-js\" id=\"wpcf7-f2110-o1\" lang=\"es-ES\" dir=\"ltr\" data-wpcf7-id=\"2110\">\n<div class=\"screen-reader-response\"><p role=\"status\" aria-live=\"polite\" aria-atomic=\"true\"><\/p> <ul><\/ul><\/div>\n<form action=\"\/actualidad\/wp-json\/wp\/v2\/pages\/2106#wpcf7-f2110-o1\" method=\"post\" class=\"wpcf7-form init\" aria-label=\"Formulario de contacto\" novalidate=\"novalidate\" data-status=\"init\">\n<div style=\"display: none;\">\n<input type=\"hidden\" name=\"_wpcf7\" value=\"2110\" \/>\n<input type=\"hidden\" name=\"_wpcf7_version\" value=\"6.0.6\" \/>\n<input type=\"hidden\" name=\"_wpcf7_locale\" value=\"es_ES\" \/>\n<input type=\"hidden\" name=\"_wpcf7_unit_tag\" value=\"wpcf7-f2110-o1\" \/>\n<input type=\"hidden\" name=\"_wpcf7_container_post\" value=\"0\" \/>\n<input type=\"hidden\" name=\"_wpcf7_posted_data_hash\" value=\"\" \/>\n<\/div>\n<div class=\"container\">\n\t<div class=\"row\">\n\t\t<p><br \/>\nSi tiene cualquier duda sobre ABACELL - Asociaci\u00f3n Espa\u00f1ola de Bancos de C\u00e9lulas Madre<br \/>\npuede ponerse en contacto con nosotros rellenando el siguiente formulario.\n\t\t<\/p>\n\t\t<div class=\"col-lg-6 col-md-6 col-sm-6\">\n\t\t\t<div class=\"form-horizontal\">\n\t\t\t\t<div class=\"form-group\">\n\t\t\t\t\t<p><label class=\"col-sm-2 control-label\">Nombre:<\/label>\n\t\t\t\t\t<\/p>\n\t\t\t\t\t<div class=\"col-sm-10\">\n\t\t\t\t\t\t<p><span class=\"wpcf7-form-control-wrap\" data-name=\"nombre\"><input size=\"40\" maxlength=\"400\" class=\"wpcf7-form-control wpcf7-text wpcf7-validates-as-required form-control\" autocomplete=\"off\" aria-required=\"true\" aria-invalid=\"false\" value=\"\" type=\"text\" name=\"nombre\" \/><\/span>\n\t\t\t\t\t\t<\/p>\n\t\t\t\t\t<\/div>\n\t\t\t\t<\/div>\n\t\t\t\t<div class=\"form-group\">\n\t\t\t\t\t<p><label class=\"col-sm-2 control-label\">Direcci\u00f3n:<\/label>\n\t\t\t\t\t<\/p>\n\t\t\t\t\t<div class=\"col-sm-10\">\n\t\t\t\t\t\t<p><span class=\"wpcf7-form-control-wrap\" data-name=\"direccion\"><input size=\"40\" maxlength=\"400\" class=\"wpcf7-form-control wpcf7-text form-control\" autocomplete=\"off\" aria-invalid=\"false\" value=\"\" type=\"text\" name=\"direccion\" \/><\/span>\n\t\t\t\t\t\t<\/p>\n\t\t\t\t\t<\/div>\n\t\t\t\t<\/div>\n\t\t\t\t<div class=\"form-group\">\n\t\t\t\t\t<p><label class=\"col-sm-2 control-label\">Tel\u00e9fono:<\/label>\n\t\t\t\t\t<\/p>\n\t\t\t\t\t<div class=\"col-sm-10\">\n\t\t\t\t\t\t<p><span class=\"wpcf7-form-control-wrap\" data-name=\"telefono\"><input size=\"40\" maxlength=\"400\" class=\"wpcf7-form-control wpcf7-tel wpcf7-text wpcf7-validates-as-tel form-control\" autocomplete=\"off\" aria-invalid=\"false\" value=\"\" type=\"tel\" name=\"telefono\" \/><\/span>\n\t\t\t\t\t\t<\/p>\n\t\t\t\t\t<\/div>\n\t\t\t\t<\/div>\n\t\t\t\t<div class=\"form-group\">\n\t\t\t\t\t<p><label class=\"col-sm-2 control-label\">Email:<\/label>\n\t\t\t\t\t<\/p>\n\t\t\t\t\t<div class=\"col-sm-10\">\n\t\t\t\t\t\t<p><span class=\"wpcf7-form-control-wrap\" data-name=\"email\"><input size=\"40\" maxlength=\"400\" class=\"wpcf7-form-control wpcf7-email wpcf7-validates-as-required wpcf7-text wpcf7-validates-as-email form-control\" autocomplete=\"off\" aria-required=\"true\" aria-invalid=\"false\" value=\"\" type=\"email\" name=\"email\" \/><\/span>\n\t\t\t\t\t\t<\/p>\n\t\t\t\t\t<\/div>\n\t\t\t\t<\/div>\n\t\t\t\t<div class=\"form-group\">\n\t\t\t\t\t<p><label class=\"col-sm-2 control-label\">Mensaje:<\/label>\n\t\t\t\t\t<\/p>\n\t\t\t\t\t<div class=\"col-sm-10\">\n\t\t\t\t\t\t<p><span class=\"wpcf7-form-control-wrap\" data-name=\"mensaje\"><textarea cols=\"40\" rows=\"3\" maxlength=\"2000\" class=\"wpcf7-form-control wpcf7-textarea form-control\" autocomplete=\"off\" aria-invalid=\"false\" name=\"mensaje\"><\/textarea><\/span>\n\t\t\t\t\t\t<\/p>\n\t\t\t\t\t<\/div>\n\t\t\t\t<\/div>\n\t\t\t\t<div class=\"form-group\">\n\t\t\t\t\t<p><label class=\"contact-check-area\"><br \/>\n<span class=\"wpcf7-form-control-wrap\" data-name=\"acceptance-431\"><span class=\"wpcf7-form-control wpcf7-acceptance\"><span class=\"wpcf7-list-item\"><label><input type=\"checkbox\" name=\"acceptance-431\" value=\"1\" aria-invalid=\"false\" \/><span class=\"wpcf7-list-item-label\">Acepto que Asociaci\u00f3n Espa\u00f1ola de Bancos de C\u00e9lulas pueda remitirme comunicaciones comerciales, tanto por medios electr\u00f3nicos (email, SMS u otras aplicaciones) como no electr\u00f3nicos, sobre sus productos y servicios. \n  <a target=\"_blank\" href=\"https:\/\/abacell.org\/politica-de-privacidad.html\">Ver pol\u00edtica de privacidad<\/a><\/span><\/label><\/span><\/span><\/span><br \/>\n<\/label>\n\t\t\t\t\t<\/p>\n\t\t\t\t<\/div>\n\t\t\t\t<p class=\"text-center\"><br \/>\n<input class=\"wpcf7-form-control wpcf7-submit has-spinner btn-red\" type=\"submit\" value=\"Enviar\" \/>\n\t\t\t\t<\/p>\n\t\t\t<\/div>\n\t\t<\/div>\n\t<\/div>\n<\/div><div class=\"wpcf7-response-output\" aria-hidden=\"true\"><\/div>\n<\/form>\n<\/div>\n\n\n\n\n<p><\/p>\n","protected":false},"excerpt":{"rendered":"","protected":false},"author":1,"featured_media":2117,"parent":0,"menu_order":0,"comment_status":"closed","ping_status":"closed","template":"full-width-page.php","meta":{"footnotes":""},"class_list":["post-2106","page","type-page","status-publish","has-post-thumbnail","hentry"],"_links":{"self":[{"href":"http:\/\/abacell.org\/actualidad\/wp-json\/wp\/v2\/pages\/2106","targetHints":{"allow":["GET"]}}],"collection":[{"href":"http:\/\/abacell.org\/actualidad\/wp-json\/wp\/v2\/pages"}],"about":[{"href":"http:\/\/abacell.org\/actualidad\/wp-json\/wp\/v2\/types\/page"}],"author":[{"embeddable":true,"href":"http:\/\/abacell.org\/actualidad\/wp-json\/wp\/v2\/users\/1"}],"replies":[{"embeddable":true,"href":"http:\/\/abacell.org\/actualidad\/wp-json\/wp\/v2\/comments?post=2106"}],"version-history":[{"count":4,"href":"http:\/\/abacell.org\/actualidad\/wp-json\/wp\/v2\/pages\/2106\/revisions"}],"predecessor-version":[{"id":2112,"href":"http:\/\/abacell.org\/actualidad\/wp-json\/wp\/v2\/pages\/2106\/revisions\/2112"}],"wp:featuredmedia":[{"embeddable":true,"href":"http:\/\/abacell.org\/actualidad\/wp-json\/wp\/v2\/media\/2117"}],"wp:attachment":[{"href":"http:\/\/abacell.org\/actualidad\/wp-json\/wp\/v2\/media?parent=2106"}],"curies":[{"name":"wp","href":"https:\/\/api.w.org\/{rel}","templated":true}]}}